{"id":2,"date":"2022-01-17T15:43:31","date_gmt":"2022-01-17T18:43:31","guid":{"rendered":"http:\/\/oticanunes.com.br\/?page_id=2"},"modified":"2022-02-01T17:54:29","modified_gmt":"2022-02-01T20:54:29","slug":"pagina-exemplo","status":"publish","type":"page","link":"https:\/\/oticanunes.com.br\/?page_id=2","title":{"rendered":"Cole\u00e7\u00e3o"},"content":{"rendered":"\n<p class=\"has-text-align-center\">\u00c9 fato que os \u00f3culos s\u00e3o desde acess\u00f3rio de moda at\u00e9 item necess\u00e1rio para sa\u00fade visual, devido a tecnologia aplicada aos modelos de hoje em comparados com os \u00f3culos do passado a transforma\u00e7\u00e3o diante do desing e estrutura tornou mais vers\u00e1til a utiliza\u00e7\u00e3o deste acess\u00f3rio fant\u00e1stico.<br>Muitos usu\u00e1rios criam uma resist\u00eancia inicial na utiliza\u00e7\u00e3o deste item, acabam esperando o \u00faltimo momento para assumir a necessidade de ter uma vis\u00e3o mais confort\u00e1vel. <\/p>\n\n\n\n<p>Confira alguns depoimentos:<\/p>\n\n\n\n<blockquote class=\"wp-block-quote\"><p>Ol\u00e1! Eu trabalho com calculadora e computador di\u00e1riamente, em um certo momento tive dificuldades de enxergar itens pequenos nas telas, tendo que aproximar meu rosto das coisas para ter mais nitidez e at\u00e9 mesmo aproximar as coisas do meu rosto para conseguir ler direito, com os \u00f3culos conseguir ter mais qualidade no trabalho sem ficar com dor de cabe\u00e7a no final do expediente.<\/p><\/blockquote>\n\n\n\n<p>&#8230;veja mais situa\u00e7\u00f5es reais:<\/p>\n\n\n\n<blockquote class=\"wp-block-quote\"><p>Esperei muito tempo para adquirir meus primeiros \u00f3culos, sempre acreditava que n\u00e3o precisava usar esse item, que minha vis\u00e3o estava em pefeitas condi\u00e7\u00f5es, at\u00e9 que com o passar do tempo percebi a necessidade, olhos lacrimejando constantemente, letras muito distantes estava com dificuldades de enxergar. At\u00e9 que o \u00f3culos certos restaurou a minha autonomia no dia a dia. <\/p><\/blockquote>\n\n\n\n<p class=\"has-text-align-center\">Fato que \u00f3culos al\u00e9m de auxiliar no ajuste da vis\u00e3 e prote\u00e7\u00e3o para raios solares trata-se de um acess\u00f3rio que passou de coadjuvante e complementar para item de destaque na composi\u00e7\u00e3o de um look.<br>O \u00f3culo caracteriza mais que um estilo, define sua personalidade atrav\u00e9s de seu formato, cores e refer\u00eancias.<\/p>\n\n\n\n<figure class=\"wp-block-gallery has-nested-images columns-default is-cropped\">\n<figure class=\"wp-block-image size-large\"><img loading=\"lazy\" width=\"1024\" height=\"1024\" data-id=\"242\"  src=\"http:\/\/oticanunes.com.br\/wp-content\/uploads\/2022\/02\/Post4-1024x1024.png\" alt=\"\" class=\"wp-image-242\" srcset=\"https:\/\/oticanunes.com.br\/wp-content\/uploads\/2022\/02\/Post4-1024x1024.png 1024w, https:\/\/oticanunes.com.br\/wp-content\/uploads\/2022\/02\/Post4-300x300.png 300w, https:\/\/oticanunes.com.br\/wp-content\/uploads\/2022\/02\/Post4-150x150.png 150w, https:\/\/oticanunes.com.br\/wp-content\/uploads\/2022\/02\/Post4-768x768.png 768w, https:\/\/oticanunes.com.br\/wp-content\/uploads\/2022\/02\/Post4.png 1080w\" sizes=\"(max-width: 1024px) 100vw, 1024px\" \/><\/figure>\n\n\n\n<figure class=\"wp-block-image size-large\"><img loading=\"lazy\" width=\"1024\" height=\"819\" data-id=\"245\"  src=\"http:\/\/oticanunes.com.br\/wp-content\/uploads\/2022\/02\/WhatsApp-Image-2022-02-01-at-16.21.05-1-1024x819.jpeg\" alt=\"\" class=\"wp-image-245\" srcset=\"https:\/\/oticanunes.com.br\/wp-content\/uploads\/2022\/02\/WhatsApp-Image-2022-02-01-at-16.21.05-1-1024x819.jpeg 1024w, https:\/\/oticanunes.com.br\/wp-content\/uploads\/2022\/02\/WhatsApp-Image-2022-02-01-at-16.21.05-1-300x240.jpeg 300w, https:\/\/oticanunes.com.br\/wp-content\/uploads\/2022\/02\/WhatsApp-Image-2022-02-01-at-16.21.05-1-768x614.jpeg 768w, https:\/\/oticanunes.com.br\/wp-content\/uploads\/2022\/02\/WhatsApp-Image-2022-02-01-at-16.21.05-1.jpeg 1280w\" sizes=\"(max-width: 1024px) 100vw, 1024px\" \/><\/figure>\n\n\n\n<figure class=\"wp-block-image size-large\"><img loading=\"lazy\" width=\"1080\" height=\"1080\" data-id=\"237\"  src=\"http:\/\/oticanunes.com.br\/wp-content\/uploads\/2022\/02\/WhatsApp-Image-2022-01-31-at-21.09.37.jpeg\" alt=\"\" class=\"wp-image-237\" srcset=\"https:\/\/oticanunes.com.br\/wp-content\/uploads\/2022\/02\/WhatsApp-Image-2022-01-31-at-21.09.37.jpeg 1080w, https:\/\/oticanunes.com.br\/wp-content\/uploads\/2022\/02\/WhatsApp-Image-2022-01-31-at-21.09.37-300x300.jpeg 300w, https:\/\/oticanunes.com.br\/wp-content\/uploads\/2022\/02\/WhatsApp-Image-2022-01-31-at-21.09.37-1024x1024.jpeg 1024w, https:\/\/oticanunes.com.br\/wp-content\/uploads\/2022\/02\/WhatsApp-Image-2022-01-31-at-21.09.37-150x150.jpeg 150w, https:\/\/oticanunes.com.br\/wp-content\/uploads\/2022\/02\/WhatsApp-Image-2022-01-31-at-21.09.37-768x768.jpeg 768w\" sizes=\"(max-width: 1080px) 100vw, 1080px\" \/><\/figure>\n\n\n\n<figure class=\"wp-block-image size-large\"><img loading=\"lazy\" width=\"1024\" height=\"1024\" data-id=\"246\"  src=\"http:\/\/oticanunes.com.br\/wp-content\/uploads\/2022\/02\/Post5-1-1024x1024.jpeg\" alt=\"\" class=\"wp-image-246\" srcset=\"https:\/\/oticanunes.com.br\/wp-content\/uploads\/2022\/02\/Post5-1-1024x1024.jpeg 1024w, https:\/\/oticanunes.com.br\/wp-content\/uploads\/2022\/02\/Post5-1-300x300.jpeg 300w, https:\/\/oticanunes.com.br\/wp-content\/uploads\/2022\/02\/Post5-1-150x150.jpeg 150w, https:\/\/oticanunes.com.br\/wp-content\/uploads\/2022\/02\/Post5-1-768x768.jpeg 768w, https:\/\/oticanunes.com.br\/wp-content\/uploads\/2022\/02\/Post5-1.jpeg 1080w\" sizes=\"(max-width: 1024px) 100vw, 1024px\" \/><\/figure>\n\n\n\n<figure class=\"wp-block-image size-large\"><img loading=\"lazy\" width=\"1080\" height=\"1080\" data-id=\"239\"  src=\"http:\/\/oticanunes.com.br\/wp-content\/uploads\/2022\/02\/WhatsApp-Image-2022-01-31-at-21.50.11.jpeg\" alt=\"\" class=\"wp-image-239\" srcset=\"https:\/\/oticanunes.com.br\/wp-content\/uploads\/2022\/02\/WhatsApp-Image-2022-01-31-at-21.50.11.jpeg 1080w, https:\/\/oticanunes.com.br\/wp-content\/uploads\/2022\/02\/WhatsApp-Image-2022-01-31-at-21.50.11-300x300.jpeg 300w, https:\/\/oticanunes.com.br\/wp-content\/uploads\/2022\/02\/WhatsApp-Image-2022-01-31-at-21.50.11-1024x1024.jpeg 1024w, https:\/\/oticanunes.com.br\/wp-content\/uploads\/2022\/02\/WhatsApp-Image-2022-01-31-at-21.50.11-150x150.jpeg 150w, https:\/\/oticanunes.com.br\/wp-content\/uploads\/2022\/02\/WhatsApp-Image-2022-01-31-at-21.50.11-768x768.jpeg 768w\" sizes=\"(max-width: 1080px) 100vw, 1080px\" \/><\/figure>\n\n\n\n<figure class=\"wp-block-image size-large\"><img loading=\"lazy\" width=\"1024\" height=\"1024\" data-id=\"243\"  src=\"http:\/\/oticanunes.com.br\/wp-content\/uploads\/2022\/02\/WhatsApp-Image-2022-01-31-at-19.23.39-2-1024x1024.jpeg\" alt=\"\" class=\"wp-image-243\" srcset=\"https:\/\/oticanunes.com.br\/wp-content\/uploads\/2022\/02\/WhatsApp-Image-2022-01-31-at-19.23.39-2-1024x1024.jpeg 1024w, https:\/\/oticanunes.com.br\/wp-content\/uploads\/2022\/02\/WhatsApp-Image-2022-01-31-at-19.23.39-2-300x300.jpeg 300w, https:\/\/oticanunes.com.br\/wp-content\/uploads\/2022\/02\/WhatsApp-Image-2022-01-31-at-19.23.39-2-150x150.jpeg 150w, https:\/\/oticanunes.com.br\/wp-content\/uploads\/2022\/02\/WhatsApp-Image-2022-01-31-at-19.23.39-2-768x768.jpeg 768w, https:\/\/oticanunes.com.br\/wp-content\/uploads\/2022\/02\/WhatsApp-Image-2022-01-31-at-19.23.39-2.jpeg 1080w\" sizes=\"(max-width: 1024px) 100vw, 1024px\" \/><\/figure>\n<\/figure>\n","protected":false},"excerpt":{"rendered":"<p>\u00c9 fato que os \u00f3culos s\u00e3o desde acess\u00f3rio de moda at\u00e9 item necess\u00e1rio para sa\u00fade visual, devido a tecnologia aplicada aos modelos de hoje em comparados com os \u00f3culos do passado a transforma\u00e7\u00e3o diante do desing e estrutura tornou mais vers\u00e1til a utiliza\u00e7\u00e3o deste acess\u00f3rio fant\u00e1stico.Muitos usu\u00e1rios criam uma resist\u00eancia inicial na utiliza\u00e7\u00e3o deste item, [&hellip;]<\/p>\n","protected":false},"author":1,"featured_media":0,"parent":0,"menu_order":0,"comment_status":"closed","ping_status":"open","template":"","meta":[],"_links":{"self":[{"href":"https:\/\/oticanunes.com.br\/index.php?rest_route=\/wp\/v2\/pages\/2"}],"collection":[{"href":"https:\/\/oticanunes.com.br\/index.php?rest_route=\/wp\/v2\/pages"}],"about":[{"href":"https:\/\/oticanunes.com.br\/index.php?rest_route=\/wp\/v2\/types\/page"}],"author":[{"embeddable":true,"href":"https:\/\/oticanunes.com.br\/index.php?rest_route=\/wp\/v2\/users\/1"}],"replies":[{"embeddable":true,"href":"https:\/\/oticanunes.com.br\/index.php?rest_route=%2Fwp%2Fv2%2Fcomments&post=2"}],"version-history":[{"count":9,"href":"https:\/\/oticanunes.com.br\/index.php?rest_route=\/wp\/v2\/pages\/2\/revisions"}],"predecessor-version":[{"id":270,"href":"https:\/\/oticanunes.com.br\/index.php?rest_route=\/wp\/v2\/pages\/2\/revisions\/270"}],"wp:attachment":[{"href":"https:\/\/oticanunes.com.br\/index.php?rest_route=%2Fwp%2Fv2%2Fmedia&parent=2"}],"curies":[{"name":"wp","href":"https:\/\/api.w.org\/{rel}","templated":true}]}}