{"id":29,"date":"2022-01-18T14:53:43","date_gmt":"2022-01-18T17:53:43","guid":{"rendered":"http:\/\/oticanunes.com.br\/?page_id=29"},"modified":"2023-01-06T14:23:56","modified_gmt":"2023-01-06T17:23:56","slug":"althea-wp","status":"publish","type":"page","link":"https:\/\/oticanunes.com.br\/","title":{"rendered":"Home"},"content":{"rendered":"<div data-colibri-id=\"29-c1\" class=\"style-219 style-local-29-c1 position-relative\">\n  <!---->\n  <div data-colibri-component=\"section\" data-colibri-id=\"29-c2\" id=\"custom\" class=\"h-section h-section-global-spacing d-flex align-items-lg-center align-items-md-center align-items-center style-251 style-local-29-c2 position-relative\">\n    <!---->\n    <!---->\n    <div class=\"h-section-grid-container h-section-boxed-container\">\n      <!---->\n      <div data-colibri-id=\"29-c3\" class=\"h-row-container gutters-row-lg-2 gutters-row-md-2 gutters-row-0 gutters-row-v-lg-2 gutters-row-v-md-2 gutters-row-v-2 style-255 style-local-29-c3 position-relative\">\n        <!---->\n        <div class=\"h-row justify-content-lg-center justify-content-md-center justify-content-center align-items-lg-stretch align-items-md-stretch align-items-stretch gutters-col-lg-2 gutters-col-md-2 gutters-col-0 gutters-col-v-lg-2 gutters-col-v-md-2 gutters-col-v-2\">\n          <!---->\n          <div class=\"h-column h-column-container d-flex h-col-lg-auto h-col-md-auto h-col-auto style-256-outer style-local-29-c4-outer\">\n            <div data-colibri-id=\"29-c4\" class=\"d-flex h-flex-basis h-column__inner h-px-lg-2 h-px-md-2 h-px-2 v-inner-lg-2 v-inner-md-2 v-inner-2 style-256 style-local-29-c4 position-relative\">\n              <!---->\n              <!---->\n              <div class=\"w-100 h-y-container h-column__content h-column__v-align flex-basis-100 align-self-lg-start align-self-md-start align-self-start\">\n                <!---->\n                <div data-colibri-id=\"29-c5\" class=\"style-223 style-local-29-c5 position-relative h-element\">\n                  <!---->\n                  <div>\n                    \n                    <p><\/p>\n                    \n\n                    \n                    <div class=\"wp-container-1 wp-block-group\"><div class=\"wp-block-group__inner-container\">\n                      \n                      <div class=\"wp-block-image is-style-rounded\">\n                        <figure class=\"aligncenter size-large\">\n                          <img loading=\"lazy\" width=\"1024\" height=\"1024\" src=\"http:\/\/oticanunes.com.br\/wp-content\/uploads\/2022\/02\/WhatsApp-Image-2022-01-31-at-21.22.21-1-1024x1024.jpeg\" alt=\"\" class=\"wp-image-253\" srcset=\"https:\/\/oticanunes.com.br\/wp-content\/uploads\/2022\/02\/WhatsApp-Image-2022-01-31-at-21.22.21-1-1024x1024.jpeg 1024w, https:\/\/oticanunes.com.br\/wp-content\/uploads\/2022\/02\/WhatsApp-Image-2022-01-31-at-21.22.21-1-300x300.jpeg 300w, https:\/\/oticanunes.com.br\/wp-content\/uploads\/2022\/02\/WhatsApp-Image-2022-01-31-at-21.22.21-1-150x150.jpeg 150w, https:\/\/oticanunes.com.br\/wp-content\/uploads\/2022\/02\/WhatsApp-Image-2022-01-31-at-21.22.21-1-768x768.jpeg 768w, https:\/\/oticanunes.com.br\/wp-content\/uploads\/2022\/02\/WhatsApp-Image-2022-01-31-at-21.22.21-1.jpeg 1080w\" sizes=\"(max-width: 1024px) 100vw, 1024px\" \/>\n                        <\/figure>\n                      <\/div>\n                      \n                    <\/div><\/div>\n                    \n\n                    \n                    <p class=\"has-text-align-center\">A \u00d3tica Nunes conta com profissionais especializados com mais de 20 anos de experi\u00eancia, sempre com atualiza\u00e7\u00e3o de mercado constante atrav\u00e9s de treinamentos, certificados e intera\u00e7\u00f5es com as novidades.\n                      <br>A loja proporciona um espa\u00e7o para o atendimento presencial e disponibiliza uma diversidade de modelos, marcas e cole\u00e7\u00f5es com itens indicados para cada necessidade.<\/p>\n                    \n\n                    \n                    <p class=\"has-text-align-center\">Os \u00f3culos de sol s\u00e3o ideais para ir para praia, mas n\u00e3o podemos esquecer o conforto para dias ensolarados onde temos que passear em lugares que tem o encontro direto da luz solar. Uma quest\u00e3o importante de conforto que acabamos esquecendo\n                      no carro ou na gaveta e percebemos somente no momento de utiliza\u00e7\u00e3o. <\/p>\n                    \n\n                    \n                    <div class=\"wp-block-image\">\n                      <figure class=\"aligncenter size-full\">\n                        <img loading=\"lazy\" width=\"6912\" height=\"3456\" src=\"http:\/\/oticanunes.com.br\/wp-content\/uploads\/2022\/01\/Banner.otica_.png\" alt=\"\" class=\"wp-image-180\" srcset=\"https:\/\/oticanunes.com.br\/wp-content\/uploads\/2022\/01\/Banner.otica_.png 6912w, https:\/\/oticanunes.com.br\/wp-content\/uploads\/2022\/01\/Banner.otica_-300x150.png 300w, https:\/\/oticanunes.com.br\/wp-content\/uploads\/2022\/01\/Banner.otica_-1024x512.png 1024w, https:\/\/oticanunes.com.br\/wp-content\/uploads\/2022\/01\/Banner.otica_-768x384.png 768w, https:\/\/oticanunes.com.br\/wp-content\/uploads\/2022\/01\/Banner.otica_-1536x768.png 1536w, https:\/\/oticanunes.com.br\/wp-content\/uploads\/2022\/01\/Banner.otica_-2048x1024.png 2048w\" sizes=\"(max-width: 6912px) 100vw, 6912px\" \/>\n                      <\/figure>\n                    <\/div>\n                    \n                  <\/div>\n                <\/div>\n              <\/div>\n            <\/div>\n          <\/div>\n        <\/div>\n      <\/div>\n    <\/div>\n  <\/div>\n  <div data-colibri-component=\"section\" data-colibri-id=\"29-c6\" id=\"custom-2\" class=\"h-section h-section-global-spacing d-flex align-items-lg-center align-items-md-center align-items-center style-265 style-local-29-c6 position-relative\">\n    <!---->\n    <!---->\n    <div class=\"h-section-grid-container h-section-boxed-container\">\n      <!---->\n      <div data-colibri-id=\"29-c7\" class=\"h-row-container gutters-row-lg-2 gutters-row-md-2 gutters-row-0 gutters-row-v-lg-2 gutters-row-v-md-2 gutters-row-v-2 style-266 style-local-29-c7 position-relative\">\n        <!---->\n        <div class=\"h-row justify-content-lg-center justify-content-md-center justify-content-center align-items-lg-stretch align-items-md-stretch align-items-stretch gutters-col-lg-2 gutters-col-md-2 gutters-col-0 gutters-col-v-lg-2 gutters-col-v-md-2 gutters-col-v-2\">\n          <!---->\n          <div class=\"h-column h-column-container d-flex h-col-lg-auto h-col-md-auto h-col-auto style-267-outer style-local-29-c8-outer\">\n            <div data-colibri-id=\"29-c8\" class=\"d-flex h-flex-basis h-column__inner h-ui-empty-state-container h-px-lg-2 h-px-md-2 h-px-2 v-inner-lg-2 v-inner-md-2 v-inner-2 style-267 style-local-29-c8 position-relative\">\n              <!---->\n              <!---->\n              <div class=\"w-100 h-y-container h-column__content h-column__v-align flex-basis-100\">\n                <!---->\n              <\/div>\n            <\/div>\n          <\/div>\n        <\/div>\n      <\/div>\n    <\/div>\n  <\/div>\n<\/div>","protected":false},"excerpt":{"rendered":"<p>A \u00d3tica Nunes conta com profissionais especializados com mais de 20 anos de experi\u00eancia, sempre com atualiza\u00e7\u00e3o de mercado constante atrav\u00e9s de treinamentos, certificados e intera\u00e7\u00f5es com as novidades. A loja proporciona um espa\u00e7o para o atendimento presencial e disponibiliza uma diversidade de modelos, marcas e cole\u00e7\u00f5es com itens indicados para cada necessidade. Os \u00f3culos [&hellip;]<\/p>\n","protected":false},"author":1,"featured_media":0,"parent":0,"menu_order":0,"comment_status":"closed","ping_status":"closed","template":"page-templates\/homepage.php","meta":[],"_links":{"self":[{"href":"https:\/\/oticanunes.com.br\/index.php?rest_route=\/wp\/v2\/pages\/29"}],"collection":[{"href":"https:\/\/oticanunes.com.br\/index.php?rest_route=\/wp\/v2\/pages"}],"about":[{"href":"https:\/\/oticanunes.com.br\/index.php?rest_route=\/wp\/v2\/types\/page"}],"author":[{"embeddable":true,"href":"https:\/\/oticanunes.com.br\/index.php?rest_route=\/wp\/v2\/users\/1"}],"replies":[{"embeddable":true,"href":"https:\/\/oticanunes.com.br\/index.php?rest_route=%2Fwp%2Fv2%2Fcomments&post=29"}],"version-history":[{"count":20,"href":"https:\/\/oticanunes.com.br\/index.php?rest_route=\/wp\/v2\/pages\/29\/revisions"}],"predecessor-version":[{"id":455,"href":"https:\/\/oticanunes.com.br\/index.php?rest_route=\/wp\/v2\/pages\/29\/revisions\/455"}],"wp:attachment":[{"href":"https:\/\/oticanunes.com.br\/index.php?rest_route=%2Fwp%2Fv2%2Fmedia&parent=29"}],"curies":[{"name":"wp","href":"https:\/\/api.w.org\/{rel}","templated":true}]}}