{"id":6,"date":"2022-01-18T13:47:32","date_gmt":"2022-01-18T16:47:32","guid":{"rendered":"http:\/\/oticanunes.com.br\/?page_id=6"},"modified":"2022-02-09T14:58:00","modified_gmt":"2022-02-09T17:58:00","slug":"sobre","status":"publish","type":"page","link":"https:\/\/oticanunes.com.br\/?page_id=6","title":{"rendered":"Sobre"},"content":{"rendered":"\n<p class=\"has-text-align-center\">A \u00d3tica Nunes \u00e9 uma empresa comprometida com seus clientes, atrav\u00e9s do carinho e cuidado diante da an\u00e1lise correta de cada tipo de necessidade, buscando sempre oferecer a op\u00e7\u00e3o mais justa e entregar o melhor produto por meio da alternativa ideal em itens para a vis\u00e3o.<\/p>\n\n\n\n<p class=\"has-text-align-center\">Proporcionar conforto para sua vis\u00e3o \u00e9 o objetivo principal da \u00d3tica Nunes, apresentando um mix de produtos e solu\u00e7\u00f5es com alta tecnologia, qualidade e durabilidade, oferecemos lentes de execelente adapta\u00e7\u00e3o, aprovadas por padr\u00f5es e testes aplicados para produtos para vis\u00e3o, al\u00e9m arma\u00e7\u00f5es com resist\u00eancia, versatilidade e estilo apresentados pelas principais marcas do mercado.<\/p>\n\n\n\n<div class=\"wp-block-image is-style-default\"><figure class=\"aligncenter size-large\"><img loading=\"lazy\" width=\"1024\" height=\"512\" src=\"http:\/\/oticanunes.com.br\/wp-content\/uploads\/2022\/01\/capa.face_-1024x512.jpeg\" alt=\"\" class=\"wp-image-210\" srcset=\"https:\/\/oticanunes.com.br\/wp-content\/uploads\/2022\/01\/capa.face_-1024x512.jpeg 1024w, https:\/\/oticanunes.com.br\/wp-content\/uploads\/2022\/01\/capa.face_-300x150.jpeg 300w, https:\/\/oticanunes.com.br\/wp-content\/uploads\/2022\/01\/capa.face_-768x384.jpeg 768w, https:\/\/oticanunes.com.br\/wp-content\/uploads\/2022\/01\/capa.face_.jpeg 1280w\" sizes=\"(max-width: 1024px) 100vw, 1024px\" \/><\/figure><\/div>\n\n\n\n<div class=\"wp-block-image\"><figure class=\"aligncenter size-full is-resized\"><img src=\"http:\/\/oticanunes.com.br\/wp-content\/uploads\/2022\/01\/loja1-edited.jpg\" alt=\"\" class=\"wp-image-214\" width=\"841\" srcset=\"https:\/\/oticanunes.com.br\/wp-content\/uploads\/2022\/01\/loja1-edited.jpg 768w, https:\/\/oticanunes.com.br\/wp-content\/uploads\/2022\/01\/loja1-edited-300x300.jpg 300w, https:\/\/oticanunes.com.br\/wp-content\/uploads\/2022\/01\/loja1-edited-150x150.jpg 150w\" sizes=\"(max-width: 768px) 100vw, 768px\" \/><\/figure><\/div>\n","protected":false},"excerpt":{"rendered":"<p>A \u00d3tica Nunes \u00e9 uma empresa comprometida com seus clientes, atrav\u00e9s do carinho e cuidado diante da an\u00e1lise correta de cada tipo de necessidade, buscando sempre oferecer a op\u00e7\u00e3o mais justa e entregar o melhor produto por meio da alternativa ideal em itens para a vis\u00e3o. Proporcionar conforto para sua vis\u00e3o \u00e9 o objetivo principal [&hellip;]<\/p>\n","protected":false},"author":1,"featured_media":0,"parent":0,"menu_order":0,"comment_status":"closed","ping_status":"closed","template":"","meta":[],"_links":{"self":[{"href":"https:\/\/oticanunes.com.br\/index.php?rest_route=\/wp\/v2\/pages\/6"}],"collection":[{"href":"https:\/\/oticanunes.com.br\/index.php?rest_route=\/wp\/v2\/pages"}],"about":[{"href":"https:\/\/oticanunes.com.br\/index.php?rest_route=\/wp\/v2\/types\/page"}],"author":[{"embeddable":true,"href":"https:\/\/oticanunes.com.br\/index.php?rest_route=\/wp\/v2\/users\/1"}],"replies":[{"embeddable":true,"href":"https:\/\/oticanunes.com.br\/index.php?rest_route=%2Fwp%2Fv2%2Fcomments&post=6"}],"version-history":[{"count":12,"href":"https:\/\/oticanunes.com.br\/index.php?rest_route=\/wp\/v2\/pages\/6\/revisions"}],"predecessor-version":[{"id":304,"href":"https:\/\/oticanunes.com.br\/index.php?rest_route=\/wp\/v2\/pages\/6\/revisions\/304"}],"wp:attachment":[{"href":"https:\/\/oticanunes.com.br\/index.php?rest_route=%2Fwp%2Fv2%2Fmedia&parent=6"}],"curies":[{"name":"wp","href":"https:\/\/api.w.org\/{rel}","templated":true}]}}