{"id":7,"date":"2022-01-18T13:47:32","date_gmt":"2022-01-18T16:47:32","guid":{"rendered":"http:\/\/oticanunes.com.br\/?page_id=7"},"modified":"2022-02-09T14:57:37","modified_gmt":"2022-02-09T17:57:37","slug":"contato","status":"publish","type":"page","link":"https:\/\/oticanunes.com.br\/?page_id=7","title":{"rendered":"\u00d3culos"},"content":{"rendered":"\n<p class=\"has-text-align-center\">A \u00d3tica Nunes proporciona produtos de qualidade de acordo com a real necessidade dos seus clientes. Nosso objetivo principal \u00e9 garantir a total satisfa\u00e7\u00e3o de nossos clientes proporcionando seguran\u00e7a na compra de um produto ideal para sua utiliza\u00e7\u00e3o e conforto diante de produtos de qualidade oferecidos em nossa loja, atrav\u00e9s do atendimento especializado.<\/p>\n\n\n\n<p class=\"has-text-align-center\"><\/p>\n\n\n\n<p class=\"has-text-align-center\">Com uma variedade de modelos atrav\u00e9s de uma loja especializada em produtos de grande resist\u00eancia, excelente durabilidade e qualidade comprovada, al\u00e9m de funcion\u00e1rios altamente treinados e capacitados para te oferecer um atendimento personalizado e auxiliar na  escolha certa direcionada para a sua vis\u00e3o.<\/p>\n\n\n\n<p class=\"has-text-align-center\">A loja possui as melhores marcas de diversos estilos, sempre com novidades e modelos rec\u00e9m lan\u00e7ados, com linhas e designers exclusivos atrav\u00e9s de edi\u00e7\u00f5es limitadas com cole\u00e7\u00f5es atualizadas a cada lan\u00e7amento.<\/p>\n\n\n\n<figure class=\"wp-block-image size-large\"><img loading=\"lazy\" width=\"1024\" height=\"1024\" src=\"http:\/\/oticanunes.com.br\/wp-content\/uploads\/2022\/01\/Post5-1-1024x1024.jpeg\" alt=\"\" class=\"wp-image-188\" srcset=\"https:\/\/oticanunes.com.br\/wp-content\/uploads\/2022\/01\/Post5-1-1024x1024.jpeg 1024w, https:\/\/oticanunes.com.br\/wp-content\/uploads\/2022\/01\/Post5-1-300x300.jpeg 300w, https:\/\/oticanunes.com.br\/wp-content\/uploads\/2022\/01\/Post5-1-150x150.jpeg 150w, https:\/\/oticanunes.com.br\/wp-content\/uploads\/2022\/01\/Post5-1-768x768.jpeg 768w, https:\/\/oticanunes.com.br\/wp-content\/uploads\/2022\/01\/Post5-1.jpeg 1080w\" sizes=\"(max-width: 1024px) 100vw, 1024px\" \/><\/figure>\n","protected":false},"excerpt":{"rendered":"<p>A \u00d3tica Nunes proporciona produtos de qualidade de acordo com a real necessidade dos seus clientes. Nosso objetivo principal \u00e9 garantir a total satisfa\u00e7\u00e3o de nossos clientes proporcionando seguran\u00e7a na compra de um produto ideal para sua utiliza\u00e7\u00e3o e conforto diante de produtos de qualidade oferecidos em nossa loja, atrav\u00e9s do atendimento especializado. Com uma [&hellip;]<\/p>\n","protected":false},"author":1,"featured_media":0,"parent":0,"menu_order":0,"comment_status":"closed","ping_status":"closed","template":"","meta":[],"_links":{"self":[{"href":"https:\/\/oticanunes.com.br\/index.php?rest_route=\/wp\/v2\/pages\/7"}],"collection":[{"href":"https:\/\/oticanunes.com.br\/index.php?rest_route=\/wp\/v2\/pages"}],"about":[{"href":"https:\/\/oticanunes.com.br\/index.php?rest_route=\/wp\/v2\/types\/page"}],"author":[{"embeddable":true,"href":"https:\/\/oticanunes.com.br\/index.php?rest_route=\/wp\/v2\/users\/1"}],"replies":[{"embeddable":true,"href":"https:\/\/oticanunes.com.br\/index.php?rest_route=%2Fwp%2Fv2%2Fcomments&post=7"}],"version-history":[{"count":12,"href":"https:\/\/oticanunes.com.br\/index.php?rest_route=\/wp\/v2\/pages\/7\/revisions"}],"predecessor-version":[{"id":303,"href":"https:\/\/oticanunes.com.br\/index.php?rest_route=\/wp\/v2\/pages\/7\/revisions\/303"}],"wp:attachment":[{"href":"https:\/\/oticanunes.com.br\/index.php?rest_route=%2Fwp%2Fv2%2Fmedia&parent=7"}],"curies":[{"name":"wp","href":"https:\/\/api.w.org\/{rel}","templated":true}]}}